{"id":3159,"date":"2021-11-09T09:16:02","date_gmt":"2021-11-09T09:16:02","guid":{"rendered":"https:\/\/marlex.hr\/chi-siamo\/novita\/"},"modified":"2023-02-01T10:50:21","modified_gmt":"2023-02-01T10:50:21","slug":"novita","status":"publish","type":"page","link":"https:\/\/marlex.hr\/it\/chi-siamo\/novita\/","title":{"rendered":"Novit\u00e0"},"content":{"rendered":"<p>[et_pb_section fb_built=&#8221;1&#8243; _builder_version=&#8221;4.14.2&#8243; _module_preset=&#8221;default&#8221; background_color=&#8221;#000000&#8243; background_enable_image=&#8221;off&#8221; parallax=&#8221;on&#8221; global_colors_info=&#8221;{}&#8221;][et_pb_row custom_padding_last_edited=&#8221;on|desktop&#8221; _builder_version=&#8221;4.13.0&#8243; _module_preset=&#8221;default&#8221; width=&#8221;85%&#8221; max_width=&#8221;100%&#8221; custom_padding=&#8221;||150px||false|false&#8221; custom_padding_tablet=&#8221;||150px||false|false&#8221; custom_padding_phone=&#8221;||150px||false|false&#8221; global_colors_info=&#8221;{}&#8221;][et_pb_column type=&#8221;4_4&#8243; _builder_version=&#8221;4.13.0&#8243; _module_preset=&#8221;default&#8221; global_colors_info=&#8221;{}&#8221;][et_pb_text _builder_version=&#8221;4.14.2&#8243; _module_preset=&#8221;default&#8221; header_font=&#8221;|800|||||||&#8221; header_text_align=&#8221;center&#8221; header_text_color=&#8221;#ee3232&#8243; header_font_size=&#8221;56px&#8221; header_letter_spacing=&#8221;1px&#8221; header_font_size_tablet=&#8221;46px&#8221; header_font_size_phone=&#8221;36px&#8221; header_font_size_last_edited=&#8221;on|phone&#8221; header_text_shadow_style=&#8221;preset1&#8243; global_colors_info=&#8221;{}&#8221;]<\/p>\n<h1><a class=\"typewrite\" data-period=\"2000\" data-type=\"[ \"Novosti\" ]\"><br \/><span class=\"wrap\"><\/span><br \/><\/a><\/h1>\n<p>[\/et_pb_text][\/et_pb_column][\/et_pb_row][\/et_pb_section][et_pb_section fb_built=&#8221;1&#8243; _builder_version=&#8221;4.14.2&#8243; _module_preset=&#8221;default&#8221; background_color=&#8221;rgba(17,17,17,0.95)&#8221; global_colors_info=&#8221;{}&#8221;][et_pb_row _builder_version=&#8221;4.13.0&#8243; _module_preset=&#8221;default&#8221; width=&#8221;85%&#8221; max_width=&#8221;100%&#8221; global_colors_info=&#8221;{}&#8221;][et_pb_column type=&#8221;4_4&#8243; _builder_version=&#8221;4.13.0&#8243; _module_preset=&#8221;default&#8221; global_colors_info=&#8221;{}&#8221;][et_pb_blog fullwidth=&#8221;off&#8221; posts_number=&#8221;3&#8243; include_categories=&#8221;1&#8243; show_more=&#8221;on&#8221; show_author=&#8221;off&#8221; show_date=&#8221;off&#8221; show_categories=&#8221;off&#8221; _builder_version=&#8221;4.14.2&#8243; _module_preset=&#8221;default&#8221; header_font=&#8221;|700|||||||&#8221; header_text_align=&#8221;center&#8221; header_text_color=&#8221;#ee3232&#8243; header_font_size=&#8221;32px&#8221; header_letter_spacing=&#8221;1px&#8221; header_line_height=&#8221;1.3em&#8221; body_font=&#8221;|300|||||||&#8221; body_text_align=&#8221;center&#8221; body_font_size=&#8221;16px&#8221; body_line_height=&#8221;1.8em&#8221; read_more_font=&#8221;|600|||||||&#8221; read_more_text_color=&#8221;#FFFFFF&#8221; text_orientation=&#8221;center&#8221; hover_enabled=&#8221;0&#8243; header_font_size_tablet=&#8221;32px&#8221; header_font_size_phone=&#8221;22px&#8221; header_font_size_last_edited=&#8221;on|phone&#8221; global_colors_info=&#8221;{}&#8221; sticky_enabled=&#8221;0&#8243;][\/et_pb_blog][\/et_pb_column][\/et_pb_row][\/et_pb_section][et_pb_section fb_built=&#8221;1&#8243; _builder_version=&#8221;4.12.1&#8243; _module_preset=&#8221;default&#8221; background_color=&#8221;#000000&#8243; background_image=&#8221;https:\/\/marlex.hr\/wp-content\/uploads\/2021\/10\/web_pozadina_1900x930px.jpeg&#8221; background_enable_image=&#8221;off&#8221; global_module=&#8221;158&#8243; saved_tabs=&#8221;all&#8221; global_colors_info=&#8221;{}&#8221;][et_pb_row column_structure=&#8221;1_3,1_3,1_3&#8243; use_custom_gutter=&#8221;on&#8221; make_equal=&#8221;on&#8221; _builder_version=&#8221;4.12.1&#8243; _module_preset=&#8221;default&#8221; width=&#8221;85%&#8221; max_width=&#8221;100%&#8221; animation_style=&#8221;flip&#8221; global_colors_info=&#8221;{}&#8221;][et_pb_column type=&#8221;1_3&#8243; _builder_version=&#8221;4.10.8&#8243; _module_preset=&#8221;default&#8221; global_colors_info=&#8221;{}&#8221;][et_pb_text _builder_version=&#8221;4.10.8&#8243; _module_preset=&#8221;default&#8221; header_3_font=&#8221;|700|||||||&#8221; header_3_text_align=&#8221;left&#8221; header_3_text_color=&#8221;#FFFFFF&#8221; header_3_font_size=&#8221;32px&#8221; header_3_letter_spacing=&#8221;1px&#8221; header_3_text_align_tablet=&#8221;center&#8221; header_3_text_align_phone=&#8221;&#8221; header_3_text_align_last_edited=&#8221;on|tablet&#8221; header_3_font_size_tablet=&#8221;&#8221; header_3_font_size_phone=&#8221;&#8221; header_3_font_size_last_edited=&#8221;on|desktop&#8221; global_colors_info=&#8221;{}&#8221;]<\/p>\n<h3>Informazioni sui contatti<\/h3>\n<p>[\/et_pb_text][et_pb_blurb use_icon=&#8221;on&#8221; font_icon=&#8221;&#xe081;||divi||400&#8243; icon_color=&#8221;#FFFFFF&#8221; icon_placement=&#8221;left&#8221; image_icon_width=&#8221;26px&#8221; image_icon_width_tablet=&#8221;&#8221; image_icon_width_phone=&#8221;&#8221; image_icon_width_last_edited=&#8221;on|desktop&#8221; _builder_version=&#8221;4.13.0&#8243; _module_preset=&#8221;default&#8221; body_link_font=&#8221;|300|||||||&#8221; body_link_text_color=&#8221;#FFFFFF&#8221; body_link_font_size=&#8221;16px&#8221; body_link_letter_spacing=&#8221;1px&#8221; body_link_line_height=&#8221;1.8em&#8221; custom_margin=&#8221;||25px||false|false&#8221; custom_margin_tablet=&#8221;&#8221; custom_margin_phone=&#8221;&#8221; custom_margin_last_edited=&#8221;on|desktop&#8221; animation=&#8221;off&#8221; icon_font_size=&#8221;26px&#8221; icon_font_size_tablet=&#8221;&#8221; icon_font_size_phone=&#8221;&#8221; icon_font_size_last_edited=&#8221;on|desktop&#8221; global_colors_info=&#8221;{}&#8221; body_link_text_color__hover_enabled=&#8221;on|hover&#8221; body_link_text_color__hover=&#8221;#ee3232&#8243;]<\/p>\n<p><a href=\"https:\/\/goo.gl\/maps\/Dn7kyqzkynn5aSpRA\" target=\"_blank\" rel=\"noopener\">Ku\u010danska ul. 24, 42 000 Vara\u017edin<\/a><\/p>\n<p>[\/et_pb_blurb][et_pb_blurb use_icon=&#8221;on&#8221; font_icon=&#8221;&#xe090;||divi||400&#8243; icon_color=&#8221;#FFFFFF&#8221; icon_placement=&#8221;left&#8221; image_icon_width=&#8221;26px&#8221; image_icon_width_tablet=&#8221;&#8221; image_icon_width_phone=&#8221;&#8221; image_icon_width_last_edited=&#8221;on|desktop&#8221; _builder_version=&#8221;4.13.0&#8243; _module_preset=&#8221;default&#8221; body_link_font=&#8221;|300|||||||&#8221; body_link_text_color=&#8221;#FFFFFF&#8221; body_link_font_size=&#8221;16px&#8221; body_link_letter_spacing=&#8221;1px&#8221; body_link_line_height=&#8221;1.8em&#8221; custom_margin=&#8221;||25px||false|false&#8221; custom_margin_tablet=&#8221;&#8221; custom_margin_phone=&#8221;&#8221; custom_margin_last_edited=&#8221;on|desktop&#8221; animation=&#8221;off&#8221; icon_font_size=&#8221;26px&#8221; icon_font_size_tablet=&#8221;&#8221; icon_font_size_phone=&#8221;&#8221; icon_font_size_last_edited=&#8221;on|desktop&#8221; global_colors_info=&#8221;{}&#8221; body_link_text_color__hover_enabled=&#8221;on|hover&#8221; body_link_text_color__hover=&#8221;#ee3232&#8243;]<\/p>\n<p><a href=\"tel:042305112\">042 305 112<\/a><\/p>\n<p>[\/et_pb_blurb][et_pb_blurb use_icon=&#8221;on&#8221; font_icon=&#8221;&#xe076;||divi||400&#8243; icon_color=&#8221;#FFFFFF&#8221; icon_placement=&#8221;left&#8221; image_icon_width=&#8221;26px&#8221; image_icon_width_tablet=&#8221;&#8221; image_icon_width_phone=&#8221;&#8221; image_icon_width_last_edited=&#8221;on|desktop&#8221; _builder_version=&#8221;4.13.0&#8243; _module_preset=&#8221;default&#8221; body_letter_spacing=&#8221;1px&#8221; body_link_font=&#8221;|300|||||||&#8221; body_link_text_color=&#8221;#FFFFFF&#8221; body_link_font_size=&#8221;16px&#8221; body_link_letter_spacing=&#8221;1px&#8221; body_link_line_height=&#8221;1.8em&#8221; custom_margin=&#8221;||25px||false|false&#8221; custom_margin_tablet=&#8221;&#8221; custom_margin_phone=&#8221;&#8221; custom_margin_last_edited=&#8221;on|desktop&#8221; animation=&#8221;off&#8221; icon_font_size=&#8221;26px&#8221; icon_font_size_tablet=&#8221;&#8221; icon_font_size_phone=&#8221;&#8221; icon_font_size_last_edited=&#8221;on|desktop&#8221; global_colors_info=&#8221;{}&#8221; body_link_text_color__hover_enabled=&#8221;on|hover&#8221; body_link_text_color__hover=&#8221;#ee3232&#8243;]<\/p>\n<p><a href=\"mailto:%20info@marlex.hr\">info@marlex.hr<\/a><\/p>\n<p>[\/et_pb_blurb][\/et_pb_column][et_pb_column type=&#8221;1_3&#8243; _builder_version=&#8221;4.10.8&#8243; _module_preset=&#8221;default&#8221; global_colors_info=&#8221;{}&#8221;][et_pb_text _builder_version=&#8221;4.10.8&#8243; _module_preset=&#8221;default&#8221; header_3_font=&#8221;|700|||||||&#8221; header_3_text_align=&#8221;center&#8221; header_3_text_color=&#8221;#FFFFFF&#8221; header_3_font_size=&#8221;32px&#8221; header_3_letter_spacing=&#8221;1px&#8221; header_3_font_size_tablet=&#8221;&#8221; header_3_font_size_phone=&#8221;&#8221; header_3_font_size_last_edited=&#8221;on|desktop&#8221; global_colors_info=&#8221;{}&#8221;]<\/p>\n<h3>Chi siamo<\/h3>\n<p>[\/et_pb_text][et_pb_text _builder_version=&#8221;4.11.4&#8243; _module_preset=&#8221;default&#8221; text_font=&#8221;|300|||||||&#8221; text_text_color=&#8221;#FFFFFF&#8221; text_font_size=&#8221;15px&#8221; text_letter_spacing=&#8221;1px&#8221; text_orientation=&#8221;center&#8221; global_colors_info=&#8221;{}&#8221;]<\/p>\n<p>Marlex d.o.o. \u00e8 una fabbrica di carpenteria in PVC, fabbro ALU e vetro IZO. Societ\u00e0 a capitale privato fin dal 2003, anno della sua fondazione, ha la propria sede legale e amministrativa nella citt\u00e0 di Vara\u017edin . Grazie a una politica d\u2019investimenti costanti sia nello sviluppo tecnologico, sia nella formazione del proprio personale, l\u2019azienda registra una crescita molto forte che l\u2019ha portata a diventare uno dei leader di maggior successo tra i produttori di serramenti in PVC in Croazia.<\/p>\n<p>[\/et_pb_text][\/et_pb_column][et_pb_column type=&#8221;1_3&#8243; _builder_version=&#8221;4.10.8&#8243; _module_preset=&#8221;default&#8221; global_colors_info=&#8221;{}&#8221;][et_pb_text _builder_version=&#8221;4.10.8&#8243; _module_preset=&#8221;default&#8221; header_3_font=&#8221;|700|||||||&#8221; header_3_text_align=&#8221;right&#8221; header_3_text_color=&#8221;#FFFFFF&#8221; header_3_font_size=&#8221;32px&#8221; header_3_letter_spacing=&#8221;1px&#8221; header_3_text_align_tablet=&#8221;center&#8221; header_3_text_align_phone=&#8221;&#8221; header_3_text_align_last_edited=&#8221;on|tablet&#8221; header_3_font_size_tablet=&#8221;&#8221; header_3_font_size_phone=&#8221;&#8221; header_3_font_size_last_edited=&#8221;on|desktop&#8221; global_colors_info=&#8221;{}&#8221;]<\/p>\n<h3>Seguici<\/h3>\n<p>[\/et_pb_text][et_pb_social_media_follow disabled_on=&#8221;on|on|off&#8221; _builder_version=&#8221;4.10.8&#8243; _module_preset=&#8221;default&#8221; text_orientation=&#8221;right&#8221; custom_margin=&#8221;||5px||false|false&#8221; custom_margin_tablet=&#8221;&#8221; custom_margin_phone=&#8221;&#8221; custom_margin_last_edited=&#8221;on|desktop&#8221; global_colors_info=&#8221;{}&#8221;][et_pb_social_media_follow_network social_network=&#8221;facebook&#8221; url=&#8221;https:\/\/www.facebook.com\/Marlex-139220562801790\/&#8221; use_icon_font_size=&#8221;on&#8221; _builder_version=&#8221;4.10.8&#8243; _module_preset=&#8221;default&#8221; background_color=&#8221;rgba(255,255,255,0.4)&#8221; background_enable_color=&#8221;on&#8221; border_radii=&#8221;on|5px|5px|5px|5px&#8221; global_colors_info=&#8221;{}&#8221; background__hover_enabled=&#8221;on|hover&#8221; background_color__hover=&#8221;#3b5998&#8243; background_enable_color__hover=&#8221;on&#8221; follow_button=&#8221;off&#8221; url_new_window=&#8221;on&#8221;]facebook[\/et_pb_social_media_follow_network][\/et_pb_social_media_follow][et_pb_social_media_follow disabled_on=&#8221;on|on|off&#8221; _builder_version=&#8221;4.11.2&#8243; _module_preset=&#8221;default&#8221; text_orientation=&#8221;right&#8221; custom_margin=&#8221;||5px||false|false&#8221; custom_margin_tablet=&#8221;&#8221; custom_margin_phone=&#8221;&#8221; custom_margin_last_edited=&#8221;on|desktop&#8221; global_colors_info=&#8221;{}&#8221;][et_pb_social_media_follow_network social_network=&#8221;youtube&#8221; url=&#8221;https:\/\/www.youtube.com\/channel\/UCB3Pzn4zjLICtSklqhIoaUQ&#8221; use_icon_font_size=&#8221;on&#8221; _builder_version=&#8221;4.10.8&#8243; _module_preset=&#8221;default&#8221; background_color=&#8221;rgba(255,255,255,0.4)&#8221; background_enable_color=&#8221;on&#8221; border_radii=&#8221;on|5px|5px|5px|5px&#8221; global_colors_info=&#8221;{}&#8221; background__hover_enabled=&#8221;on|hover&#8221; background_color__hover=&#8221;#a82400&#8243; background_enable_color__hover=&#8221;on&#8221; follow_button=&#8221;off&#8221; url_new_window=&#8221;on&#8221;]youtube[\/et_pb_social_media_follow_network][\/et_pb_social_media_follow][et_pb_social_media_follow disabled_on=&#8221;off|off|on&#8221; _builder_version=&#8221;4.11.4&#8243; _module_preset=&#8221;default&#8221; text_orientation_tablet=&#8221;center&#8221; text_orientation_phone=&#8221;&#8221; text_orientation_last_edited=&#8221;on|tablet&#8221; global_colors_info=&#8221;{}&#8221;][et_pb_social_media_follow_network social_network=&#8221;facebook&#8221; url=&#8221;https:\/\/www.facebook.com\/Marlex-139220562801790\/&#8221; _builder_version=&#8221;4.10.8&#8243; _module_preset=&#8221;default&#8221; background_color=&#8221;rgba(255,255,255,0.4)&#8221; background_enable_color=&#8221;on&#8221; border_radii=&#8221;on|5px|5px|5px|5px&#8221; global_colors_info=&#8221;{}&#8221; background__hover_enabled=&#8221;on|hover&#8221; background_color__hover=&#8221;#3b5998&#8243; background_enable_color__hover=&#8221;on&#8221; follow_button=&#8221;off&#8221; url_new_window=&#8221;on&#8221;]facebook[\/et_pb_social_media_follow_network][et_pb_social_media_follow_network social_network=&#8221;youtube&#8221; url=&#8221;https:\/\/www.youtube.com\/channel\/UCB3Pzn4zjLICtSklqhIoaUQ&#8221; _builder_version=&#8221;4.10.8&#8243; _module_preset=&#8221;default&#8221; background_color=&#8221;#a82400&#8243; background_color_tablet=&#8221;rgba(255,255,255,0.4)&#8221; background_last_edited=&#8221;on|desktop&#8221; background_enable_color_tablet=&#8221;on&#8221; border_radii=&#8221;on|5px|5px|5px|5px&#8221; global_colors_info=&#8221;{}&#8221; background__hover_enabled=&#8221;on|hover&#8221; follow_button=&#8221;off&#8221; url_new_window=&#8221;on&#8221;]youtube[\/et_pb_social_media_follow_network][\/et_pb_social_media_follow][\/et_pb_column][\/et_pb_row][\/et_pb_section][et_pb_section fb_built=&#8221;1&#8243; custom_padding_last_edited=&#8221;on|desktop&#8221; _builder_version=&#8221;4.11.3&#8243; _module_preset=&#8221;default&#8221; background_color=&#8221;rgba(17,17,17,0.95)&#8221; custom_padding=&#8221;20px||20px||true|false&#8221; custom_padding_tablet=&#8221;&#8221; custom_padding_phone=&#8221;&#8221; global_module=&#8221;159&#8243; saved_tabs=&#8221;all&#8221; global_colors_info=&#8221;{}&#8221;][et_pb_row custom_padding_last_edited=&#8221;on|desktop&#8221; _builder_version=&#8221;4.10.8&#8243; _module_preset=&#8221;default&#8221; custom_padding=&#8221;0px||20px||false|false&#8221; custom_padding_tablet=&#8221;&#8221; custom_padding_phone=&#8221;&#8221; global_colors_info=&#8221;{}&#8221;][et_pb_column type=&#8221;4_4&#8243; _builder_version=&#8221;4.10.8&#8243; _module_preset=&#8221;default&#8221; global_colors_info=&#8221;{}&#8221;][et_pb_text _builder_version=&#8221;4.11.3&#8243; _module_preset=&#8221;default&#8221; text_font=&#8221;|300|||||||&#8221; text_text_color=&#8221;#FFFFFF&#8221; text_font_size=&#8221;15px&#8221; text_letter_spacing=&#8221;1px&#8221; text_orientation=&#8221;center&#8221; global_colors_info=&#8221;{}&#8221;]<\/p>\n<p>\u00a9 2021 Marlex d.o.o. Tutti i diritti riservati.<\/p>\n<p>[\/et_pb_text][\/et_pb_column][\/et_pb_row][et_pb_row column_structure=&#8221;1_2,1_2&#8243; make_equal=&#8221;on&#8221; custom_padding_last_edited=&#8221;on|desktop&#8221; _builder_version=&#8221;4.11.4&#8243; _module_preset=&#8221;default&#8221; width=&#8221;20%&#8221; width_tablet=&#8221;&#8221; width_phone=&#8221;85%&#8221; width_last_edited=&#8221;on|phone&#8221; custom_padding=&#8221;0px||0px||true|false&#8221; custom_padding_tablet=&#8221;&#8221; custom_padding_phone=&#8221;&#8221; global_colors_info=&#8221;{}&#8221;][et_pb_column type=&#8221;1_2&#8243; _builder_version=&#8221;4.10.8&#8243; _module_preset=&#8221;default&#8221; global_colors_info=&#8221;{}&#8221;][et_pb_text _builder_version=&#8221;4.11.3&#8243; _module_preset=&#8221;default&#8221; text_font=&#8221;|300|||||||&#8221; text_text_color=&#8221;#FFFFFF&#8221; link_font=&#8221;|300||||||#FFFFFF|&#8221; link_text_align=&#8221;center&#8221; link_text_color=&#8221;#FFFFFF&#8221; link_letter_spacing=&#8221;1px&#8221; text_orientation=&#8221;center&#8221; global_colors_info=&#8221;{}&#8221; link_text_color__hover_enabled=&#8221;on|hover&#8221; link_text_color__hover=&#8221;#ee3232&#8243;]<\/p>\n<p><a href=\"https:\/\/marlex.hr\/it\/politica-sulla-privacy\/\">Politica sulla riservatezza<\/a><\/p>\n<p>[\/et_pb_text][\/et_pb_column][et_pb_column type=&#8221;1_2&#8243; _builder_version=&#8221;4.10.8&#8243; _module_preset=&#8221;default&#8221; global_colors_info=&#8221;{}&#8221;][et_pb_text _builder_version=&#8221;4.11.3&#8243; _module_preset=&#8221;default&#8221; text_font=&#8221;|300|||||||&#8221; text_text_color=&#8221;#FFFFFF&#8221; link_font=&#8221;|300||||||#FFFFFF|&#8221; link_text_align=&#8221;center&#8221; link_text_color=&#8221;#FFFFFF&#8221; link_letter_spacing=&#8221;1px&#8221; text_orientation=&#8221;center&#8221; global_colors_info=&#8221;{}&#8221; link_text_color__hover_enabled=&#8221;on|hover&#8221; link_text_color__hover=&#8221;#ee3232&#8243;]<\/p>\n<p><a href=\"https:\/\/marlex.hr\/it\/politica-dei-cookie\/\">Gestione dei Cookie<\/a><\/p>\n<p>[\/et_pb_text][\/et_pb_column][\/et_pb_row][\/et_pb_section]<\/p>\n","protected":false},"excerpt":{"rendered":"<p>Informazioni sui contattiKu\u010danska ul. 24, 42 000 Vara\u017edin042 305 112info@marlex.hrChi siamoMarlex d.o.o. \u00e8 una fabbrica di carpenteria in PVC, fabbro ALU e vetro IZO. Societ\u00e0 a capitale privato fin dal 2003, anno della sua fondazione, ha la propria sede legale e amministrativa nella citt\u00e0 di Vara\u017edin . Grazie a una politica d\u2019investimenti costanti sia nello [&hellip;]<\/p>\n","protected":false},"author":1,"featured_media":2338,"parent":3153,"menu_order":0,"comment_status":"closed","ping_status":"closed","template":"","meta":{"_et_pb_use_builder":"on","_et_pb_old_content":"","_et_gb_content_width":""},"yoast_head":"<!-- This site is optimized with the Yoast SEO plugin v20.4 - https:\/\/yoast.com\/wordpress\/plugins\/seo\/ -->\n<title>Novit\u00e0 - Chi siamo - Marlex - Comfort, sicurezza e bellezza della tua casa!<\/title>\n<meta name=\"description\" content=\"Novit\u00e0 - in questa pagina puoi leggere tutte le notizie che accadono nelle filiali Marlex. Inoltre, qui puoi trovare informazioni utili e interessanti sui prodotti.\" \/>\n<meta name=\"robots\" content=\"index, follow, max-snippet:-1, max-image-preview:large, max-video-preview:-1\" \/>\n<link rel=\"canonical\" href=\"https:\/\/marlex.hr\/it\/chi-siamo\/novita\/\" \/>\n<meta property=\"og:locale\" content=\"it_IT\" \/>\n<meta property=\"og:type\" content=\"article\" \/>\n<meta property=\"og:title\" content=\"Novit\u00e0 - Chi siamo - Marlex - Comfort, sicurezza e bellezza della tua casa!\" \/>\n<meta property=\"og:description\" content=\"Novit\u00e0 - in questa pagina puoi leggere tutte le notizie che accadono nelle filiali Marlex. Inoltre, qui puoi trovare informazioni utili e interessanti sui prodotti.\" \/>\n<meta property=\"og:url\" content=\"https:\/\/marlex.hr\/it\/chi-siamo\/novita\/\" \/>\n<meta property=\"og:site_name\" content=\"Marlex\" \/>\n<meta property=\"article:publisher\" content=\"https:\/\/www.facebook.com\/Marlex-139220562801790\/\" \/>\n<meta property=\"article:modified_time\" content=\"2023-02-01T10:50:21+00:00\" \/>\n<meta property=\"og:image\" content=\"https:\/\/marlex.hr\/wp-content\/uploads\/2021\/10\/Marlex_Logo_WB.png\" \/>\n\t<meta property=\"og:image:width\" content=\"1807\" \/>\n\t<meta property=\"og:image:height\" content=\"1311\" \/>\n\t<meta property=\"og:image:type\" content=\"image\/png\" \/>\n<meta name=\"twitter:card\" content=\"summary_large_image\" \/>\n<meta name=\"twitter:label1\" content=\"Tempo di lettura stimato\" \/>\n\t<meta name=\"twitter:data1\" content=\"9 minuti\" \/>\n<script type=\"application\/ld+json\" class=\"yoast-schema-graph\">{\"@context\":\"https:\/\/schema.org\",\"@graph\":[{\"@type\":\"WebPage\",\"@id\":\"https:\/\/marlex.hr\/it\/chi-siamo\/novita\/\",\"url\":\"https:\/\/marlex.hr\/it\/chi-siamo\/novita\/\",\"name\":\"Novit\u00e0 - Chi siamo - Marlex - Comfort, sicurezza e bellezza della tua casa!\",\"isPartOf\":{\"@id\":\"https:\/\/marlex.hr\/#website\"},\"datePublished\":\"2021-11-09T09:16:02+00:00\",\"dateModified\":\"2023-02-01T10:50:21+00:00\",\"description\":\"Novit\u00e0 - in questa pagina puoi leggere tutte le notizie che accadono nelle filiali Marlex. Inoltre, qui puoi trovare informazioni utili e interessanti sui prodotti.\",\"breadcrumb\":{\"@id\":\"https:\/\/marlex.hr\/it\/chi-siamo\/novita\/#breadcrumb\"},\"inLanguage\":\"it-IT\",\"potentialAction\":[{\"@type\":\"ReadAction\",\"target\":[\"https:\/\/marlex.hr\/it\/chi-siamo\/novita\/\"]}]},{\"@type\":\"BreadcrumbList\",\"@id\":\"https:\/\/marlex.hr\/it\/chi-siamo\/novita\/#breadcrumb\",\"itemListElement\":[{\"@type\":\"ListItem\",\"position\":1,\"name\":\"Home\",\"item\":\"https:\/\/marlex.hr\/it\/\"},{\"@type\":\"ListItem\",\"position\":2,\"name\":\"Chi siamo\",\"item\":\"https:\/\/marlex.hr\/it\/chi-siamo\/\"},{\"@type\":\"ListItem\",\"position\":3,\"name\":\"Novit\u00e0\"}]},{\"@type\":\"WebSite\",\"@id\":\"https:\/\/marlex.hr\/#website\",\"url\":\"https:\/\/marlex.hr\/\",\"name\":\"Marlex\",\"description\":\"Udobnost, sigurnost i ljepota Va\u0161eg doma\",\"publisher\":{\"@id\":\"https:\/\/marlex.hr\/#organization\"},\"potentialAction\":[{\"@type\":\"SearchAction\",\"target\":{\"@type\":\"EntryPoint\",\"urlTemplate\":\"https:\/\/marlex.hr\/?s={search_term_string}\"},\"query-input\":\"required name=search_term_string\"}],\"inLanguage\":\"it-IT\"},{\"@type\":\"Organization\",\"@id\":\"https:\/\/marlex.hr\/#organization\",\"name\":\"Marlex\",\"url\":\"https:\/\/marlex.hr\/\",\"logo\":{\"@type\":\"ImageObject\",\"inLanguage\":\"it-IT\",\"@id\":\"https:\/\/marlex.hr\/#\/schema\/logo\/image\/\",\"url\":\"https:\/\/marlex.hr\/wp-content\/uploads\/2021\/09\/marlex_logo.png\",\"contentUrl\":\"https:\/\/marlex.hr\/wp-content\/uploads\/2021\/09\/marlex_logo.png\",\"width\":290,\"height\":199,\"caption\":\"Marlex\"},\"image\":{\"@id\":\"https:\/\/marlex.hr\/#\/schema\/logo\/image\/\"},\"sameAs\":[\"https:\/\/www.facebook.com\/Marlex-139220562801790\/\",\"https:\/\/www.youtube.com\/channel\/UCB3Pzn4zjLICtSklqhIoaUQ\"]}]}<\/script>\n<!-- \/ Yoast SEO plugin. -->","yoast_head_json":{"title":"Novit\u00e0 - Chi siamo - Marlex - Comfort, sicurezza e bellezza della tua casa!","description":"Novit\u00e0 - in questa pagina puoi leggere tutte le notizie che accadono nelle filiali Marlex. Inoltre, qui puoi trovare informazioni utili e interessanti sui prodotti.","robots":{"index":"index","follow":"follow","max-snippet":"max-snippet:-1","max-image-preview":"max-image-preview:large","max-video-preview":"max-video-preview:-1"},"canonical":"https:\/\/marlex.hr\/it\/chi-siamo\/novita\/","og_locale":"it_IT","og_type":"article","og_title":"Novit\u00e0 - Chi siamo - Marlex - Comfort, sicurezza e bellezza della tua casa!","og_description":"Novit\u00e0 - in questa pagina puoi leggere tutte le notizie che accadono nelle filiali Marlex. Inoltre, qui puoi trovare informazioni utili e interessanti sui prodotti.","og_url":"https:\/\/marlex.hr\/it\/chi-siamo\/novita\/","og_site_name":"Marlex","article_publisher":"https:\/\/www.facebook.com\/Marlex-139220562801790\/","article_modified_time":"2023-02-01T10:50:21+00:00","og_image":[{"width":1807,"height":1311,"url":"https:\/\/marlex.hr\/wp-content\/uploads\/2021\/10\/Marlex_Logo_WB.png","type":"image\/png"}],"twitter_card":"summary_large_image","twitter_misc":{"Tempo di lettura stimato":"9 minuti"},"schema":{"@context":"https:\/\/schema.org","@graph":[{"@type":"WebPage","@id":"https:\/\/marlex.hr\/it\/chi-siamo\/novita\/","url":"https:\/\/marlex.hr\/it\/chi-siamo\/novita\/","name":"Novit\u00e0 - Chi siamo - Marlex - Comfort, sicurezza e bellezza della tua casa!","isPartOf":{"@id":"https:\/\/marlex.hr\/#website"},"datePublished":"2021-11-09T09:16:02+00:00","dateModified":"2023-02-01T10:50:21+00:00","description":"Novit\u00e0 - in questa pagina puoi leggere tutte le notizie che accadono nelle filiali Marlex. Inoltre, qui puoi trovare informazioni utili e interessanti sui prodotti.","breadcrumb":{"@id":"https:\/\/marlex.hr\/it\/chi-siamo\/novita\/#breadcrumb"},"inLanguage":"it-IT","potentialAction":[{"@type":"ReadAction","target":["https:\/\/marlex.hr\/it\/chi-siamo\/novita\/"]}]},{"@type":"BreadcrumbList","@id":"https:\/\/marlex.hr\/it\/chi-siamo\/novita\/#breadcrumb","itemListElement":[{"@type":"ListItem","position":1,"name":"Home","item":"https:\/\/marlex.hr\/it\/"},{"@type":"ListItem","position":2,"name":"Chi siamo","item":"https:\/\/marlex.hr\/it\/chi-siamo\/"},{"@type":"ListItem","position":3,"name":"Novit\u00e0"}]},{"@type":"WebSite","@id":"https:\/\/marlex.hr\/#website","url":"https:\/\/marlex.hr\/","name":"Marlex","description":"Udobnost, sigurnost i ljepota Va\u0161eg doma","publisher":{"@id":"https:\/\/marlex.hr\/#organization"},"potentialAction":[{"@type":"SearchAction","target":{"@type":"EntryPoint","urlTemplate":"https:\/\/marlex.hr\/?s={search_term_string}"},"query-input":"required name=search_term_string"}],"inLanguage":"it-IT"},{"@type":"Organization","@id":"https:\/\/marlex.hr\/#organization","name":"Marlex","url":"https:\/\/marlex.hr\/","logo":{"@type":"ImageObject","inLanguage":"it-IT","@id":"https:\/\/marlex.hr\/#\/schema\/logo\/image\/","url":"https:\/\/marlex.hr\/wp-content\/uploads\/2021\/09\/marlex_logo.png","contentUrl":"https:\/\/marlex.hr\/wp-content\/uploads\/2021\/09\/marlex_logo.png","width":290,"height":199,"caption":"Marlex"},"image":{"@id":"https:\/\/marlex.hr\/#\/schema\/logo\/image\/"},"sameAs":["https:\/\/www.facebook.com\/Marlex-139220562801790\/","https:\/\/www.youtube.com\/channel\/UCB3Pzn4zjLICtSklqhIoaUQ"]}]}},"_links":{"self":[{"href":"https:\/\/marlex.hr\/it\/wp-json\/wp\/v2\/pages\/3159"}],"collection":[{"href":"https:\/\/marlex.hr\/it\/wp-json\/wp\/v2\/pages"}],"about":[{"href":"https:\/\/marlex.hr\/it\/wp-json\/wp\/v2\/types\/page"}],"author":[{"embeddable":true,"href":"https:\/\/marlex.hr\/it\/wp-json\/wp\/v2\/users\/1"}],"replies":[{"embeddable":true,"href":"https:\/\/marlex.hr\/it\/wp-json\/wp\/v2\/comments?post=3159"}],"version-history":[{"count":5,"href":"https:\/\/marlex.hr\/it\/wp-json\/wp\/v2\/pages\/3159\/revisions"}],"predecessor-version":[{"id":3609,"href":"https:\/\/marlex.hr\/it\/wp-json\/wp\/v2\/pages\/3159\/revisions\/3609"}],"up":[{"embeddable":true,"href":"https:\/\/marlex.hr\/it\/wp-json\/wp\/v2\/pages\/3153"}],"wp:featuredmedia":[{"embeddable":true,"href":"https:\/\/marlex.hr\/it\/wp-json\/wp\/v2\/media\/2338"}],"wp:attachment":[{"href":"https:\/\/marlex.hr\/it\/wp-json\/wp\/v2\/media?parent=3159"}],"curies":[{"name":"wp","href":"https:\/\/api.w.org\/{rel}","templated":true}]}}